{"id":2669,"date":"2026-04-22T16:00:15","date_gmt":"2026-04-22T14:00:15","guid":{"rendered":"https:\/\/orazia.fr\/quiz-neuropathie\/"},"modified":"2026-04-22T16:00:15","modified_gmt":"2026-04-22T14:00:15","slug":"quiz-neuropathie","status":"publish","type":"page","link":"https:\/\/orazia.fr\/?page_id=2669","title":{"rendered":"Avez-vous une neuropathie ? Quiz interactif"},"content":{"rendered":"<div id=\"miravita-quiz-root\" class=\"miravita-quiz miravita-quiz--pro\" style=\"max-width:720px;margin:0 auto;font-family:system-ui,-apple-system,'Segoe UI',Roboto,sans-serif;color:#14221a\">\r\n    <header class=\"mira-quiz-hero\" style=\"text-align:center;padding:28px 22px 24px;border-radius:16px;background:linear-gradient(145deg,#0d2818 0%,#1b4332 42%,#2d6a4f 100%);color:#fff;margin-bottom:22px;box-shadow:0 12px 40px rgba(13,40,24,.18)\">\r\n        <p class=\"mira-quiz-kicker\" style=\"margin:0 0 10px;font-size:11px;letter-spacing:.18em;text-transform:uppercase;font-weight:700;color:#b7e4c7\">Parcours bienveillant \u00b7 3 min<\/p>\r\n        <h2 style=\"margin:0 0 12px;font-size:clamp(22px,4vw,30px);font-weight:800;line-height:1.2;color:#fff!important\">Et si vos nuits vous parlaient autant que vos journ\u00e9es ?<\/h2>\r\n        <p style=\"margin:0 auto;max-width:560px;font-size:15px;line-height:1.65;color:rgba(255,255,255,.92)!important\">Ce questionnaire vous invite \u00e0 <strong>nommer ce que vous ressentez<\/strong> \u2014 picotements, fatigue nerveuse, hypersensibilit\u00e9 \u2014 sans jugement. Beaucoup de lecteurs Miravita reconnaissent ici des sensations qu\u2019ils ont tard\u00e9 \u00e0 verbaliser.<\/p>\r\n        <p style=\"margin:16px auto 0;max-width:520px;font-size:13px;line-height:1.55;color:rgba(255,255,255,.78)!important;border-top:1px solid rgba(255,255,255,.2);padding-top:14px\"><strong style=\"color:#fff!important\">Important :<\/strong> outil <strong>strictement \u00e9ducatif<\/strong>, jamais un diagnostic. Si une r\u00e9ponse vous inqui\u00e8te, prenez rendez-vous avec un professionnel de sant\u00e9.<\/p>\r\n    <\/header>\r\n    <div id=\"miravita-quiz-progress\" class=\"mira-quiz-progress\" style=\"display:none;margin-bottom:16px\" aria-hidden=\"true\">\r\n        <div style=\"display:flex;justify-content:space-between;align-items:center;margin-bottom:6px;font-size:13px;font-weight:600;color:#1b4332\"><span id=\"miravita-quiz-step-label\">Question 1 \/ 10<\/span><span id=\"miravita-quiz-pct\">10%<\/span><\/div>\r\n        <div style=\"height:8px;border-radius:999px;background:#e0ebe4;overflow:hidden\"><div id=\"miravita-quiz-bar\" style=\"height:100%;width:10%;border-radius:999px;background:linear-gradient(90deg,#40916c,#2d6a4f);transition:width .35s ease\"><\/div><\/div>\r\n    <\/div>\r\n    <div id=\"miravita-quiz-box\" class=\"mira-quiz-card\" style=\"padding:24px 22px;border:1px solid #cfe3d8;border-radius:14px;background:#fdfefc;box-shadow:0 4px 24px rgba(27,67,50,.06)\" role=\"region\" aria-labelledby=\"miravita-quiz-live-title\"><\/div>\r\n    <div id=\"miravita-quiz-result\" style=\"display:none;margin-top:22px;padding:26px 22px;border-radius:14px;background:#f4faf7;border:1px solid #b7e4c7;box-shadow:0 4px 20px rgba(45,106,79,.08)\" aria-live=\"polite\" aria-atomic=\"true\">\r\n        <p id=\"miravita-quiz-emotional\" style=\"margin:0 0 14px;font-size:16px;line-height:1.65;color:#1b4332!important\"><\/p>\r\n        <p id=\"miravita-quiz-scoreline\" style=\"margin:0 0 18px;font-size:15px;font-weight:700;color:#0f2918!important\"><\/p>\r\n        <p style=\"margin:0 0 16px;font-size:14px;line-height:1.55;color:#3d4a42!important\">Souhaitez-vous recevoir <strong>ce score<\/strong> et une courte synth\u00e8se par e-mail ? Une seule utilisation : nous ne vous inscrivons \u00e0 aucune newsletter automatiquement.<\/p>\r\n        <form id=\"miravita-quiz-email-form\" style=\"margin-top:4px\">\r\n            <fieldset id=\"miravita-quiz-email-fieldset\" disabled style=\"border:none;padding:0;margin:0\">\r\n            <label for=\"miravita-quiz-email\" style=\"display:block;margin-bottom:6px;font-size:14px;font-weight:600;color:#1b4332!important\">Votre adresse e-mail<\/label>\r\n            <input type=\"email\" id=\"miravita-quiz-email\" name=\"email\" autocomplete=\"email\" style=\"width:100%;max-width:400px;padding:12px 14px;border:1px solid #9fb8ad;border-radius:10px;font-size:15px\" placeholder=\"vous@exemple.com\"\/>\r\n            <label style=\"display:flex;gap:10px;align-items:flex-start;margin-top:14px;max-width:520px;font-size:13px;line-height:1.5;color:#2d3436!important;cursor:pointer\">\r\n                <input type=\"checkbox\" name=\"miravita_quiz_consent\" id=\"miravita-quiz-consent\" value=\"1\" style=\"margin-top:3px;flex-shrink:0;width:18px;height:18px\"\/>\r\n                <span>Je demande l\u2019envoi d\u2019un <strong>r\u00e9capitulatif personnel<\/strong> \u00e0 cette adresse et j\u2019ai pris connaissance des informations relatives aux donn\u00e9es.<\/span>\r\n            <\/label>\r\n            <input type=\"hidden\" name=\"action\" value=\"miravita_quiz_lead\"\/>\r\n            <input type=\"hidden\" name=\"nonce\" value=\"5a66a8acd9\"\/>\r\n            <button type=\"submit\" class=\"mira-quiz-submit\" style=\"margin-top:16px;padding:12px 22px;background:#1b4332;color:#fff;border:none;border-radius:10px;font-weight:700;font-size:15px;cursor:pointer\">Recevoir mon r\u00e9capitulatif<\/button>\r\n            <\/fieldset>\r\n        <\/form>\r\n        <p id=\"miravita-quiz-email-msg\" style=\"margin-top:14px;font-size:14px;min-height:1.2em\" role=\"status\"><\/p>\r\n    <\/div>\r\n<\/div>\r\n    \n","protected":false},"excerpt":{"rendered":"","protected":false},"author":1,"featured_media":0,"parent":0,"menu_order":0,"comment_status":"closed","ping_status":"closed","template":"","meta":{"content-type":"","_lmt_disableupdate":"","_lmt_disable":"","footnotes":""},"class_list":["post-2669","page","type-page","status-publish","hentry"],"_links":{"self":[{"href":"https:\/\/orazia.fr\/index.php?rest_route=\/wp\/v2\/pages\/2669","targetHints":{"allow":["GET"]}}],"collection":[{"href":"https:\/\/orazia.fr\/index.php?rest_route=\/wp\/v2\/pages"}],"about":[{"href":"https:\/\/orazia.fr\/index.php?rest_route=\/wp\/v2\/types\/page"}],"author":[{"embeddable":true,"href":"https:\/\/orazia.fr\/index.php?rest_route=\/wp\/v2\/users\/1"}],"replies":[{"embeddable":true,"href":"https:\/\/orazia.fr\/index.php?rest_route=%2Fwp%2Fv2%2Fcomments&post=2669"}],"version-history":[{"count":0,"href":"https:\/\/orazia.fr\/index.php?rest_route=\/wp\/v2\/pages\/2669\/revisions"}],"wp:attachment":[{"href":"https:\/\/orazia.fr\/index.php?rest_route=%2Fwp%2Fv2%2Fmedia&parent=2669"}],"curies":[{"name":"wp","href":"https:\/\/api.w.org\/{rel}","templated":true}]}}